{"id":485,"date":"2020-07-28T16:50:29","date_gmt":"2020-07-28T14:50:29","guid":{"rendered":"https:\/\/www.sipel.lu\/blog\/"},"modified":"2021-02-24T16:13:38","modified_gmt":"2021-02-24T15:13:38","slug":"blog","status":"publish","type":"page","link":"https:\/\/www.sipel.lu\/de\/blog\/","title":{"rendered":"Blog"},"content":{"rendered":"<p>[et_pb_section fb_built=&#8220;1&#8243; admin_label=&#8220;Header Section&#8220; _builder_version=&#8220;3.12&#8243; use_background_color_gradient=&#8220;on&#8220; background_color_gradient_start=&#8220;#000000&#8243; background_color_gradient_end=&#8220;rgba(0,0,0,0)&#8220; background_color_gradient_type=&#8220;radial&#8220; background_color_gradient_end_position=&#8220;64%&#8220; background_color_gradient_overlays_image=&#8220;on&#8220; background_image=&#8220;https:\/\/www.sipel.lu\/wp-content\/uploads\/sites\/115\/2020\/08\/Interio-lumineux-sipel.jpg&#8220; custom_padding=&#8220;5%|0px|14.4%|0px|false|false&#8220;][et_pb_row admin_label=&#8220;Title Row&#8220; _builder_version=&#8220;3.0.92&#8243;][et_pb_column type=&#8220;4_4&#8243; _builder_version=&#8220;3.0.47&#8243; parallax=&#8220;off&#8220; parallax_method=&#8220;on&#8220;][et_pb_text admin_label=&#8220;Title &amp; Paragraph&#8220; _builder_version=&#8220;3.12&#8243; text_font=&#8220;Muli|600|||||||&#8220; text_text_color=&#8220;#ffffff&#8220; text_font_size=&#8220;18px&#8220; text_line_height=&#8220;1.8em&#8220; header_font=&#8220;Muli|700|||||||&#8220; header_font_size=&#8220;65px&#8220; header_font_size_phone=&#8220;50px&#8220; header_font_size_last_edited=&#8220;on|phone&#8220; header_line_height=&#8220;1.4em&#8220; header_2_font=&#8220;||||||||&#8220; text_orientation=&#8220;center&#8220; background_layout=&#8220;dark&#8220; max_width=&#8220;640px&#8220; max_width_last_edited=&#8220;off|desktop&#8220; module_alignment=&#8220;center&#8220; custom_margin=&#8220;|||&#8220; custom_margin_tablet=&#8220;0px|||0px&#8220; custom_margin_last_edited=&#8220;off|desktop&#8220; custom_padding=&#8220;|||&#8220; custom_padding_last_edited=&#8220;off|desktop&#8220; animation_style=&#8220;fade&#8220;]<\/p>\n<h1>SIPEL: Der Blog<\/h1>\n<p>&nbsp;<\/p>\n<p>1961 gegr\u00fcndet, sind wir heutzutage auf zwei Bereiche elektrotechnischer Produkte spezialisiert:<\/p>\n<p><span style=\"font-size: 18px;\">Licht und Kabel.<\/span><\/p>\n<p><span style=\"font-size: 18px;\">Als inhabergef\u00fchrtes und herstellerunabh\u00e4ngiges Fachhandelsunternehmen bieten wir unseren Kunden aus Handel, Handwerk und Industrie sowie professionellen Anwendern neben einem durchdachten Warensortiment qualitativ hochwertiger Produkte mit hoher Lieferbereitschaft auch ein umfangreiches Wissensspektrum an. <\/span><\/p>\n<p>Dieser Blog dient als Forum f\u00fcr die neuesten technischen Entwicklungen und Tendenzen.<\/p>\n<p>[\/et_pb_text][\/et_pb_column][\/et_pb_row][\/et_pb_section][et_pb_section fb_built=&#8220;1&#8243; admin_label=&#8220;Blog Section&#8220; _builder_version=&#8220;3.0.92&#8243; background_position=&#8220;top_center&#8220; custom_padding=&#8220;0|0px|0|0px|false|false&#8220;][et_pb_row custom_padding=&#8220;70px|0px|27px|0px|false|false&#8220; admin_label=&#8220;Blog Posts Row&#8220; _builder_version=&#8220;3.0.92&#8243;][et_pb_column type=&#8220;4_4&#8243; _builder_version=&#8220;3.0.47&#8243; parallax=&#8220;off&#8220; parallax_method=&#8220;on&#8220;][et_pb_text _builder_version=&#8220;3.12&#8243; text_font=&#8220;|600|||||||&#8220; text_font_size=&#8220;32px&#8220; text_orientation=&#8220;center&#8220;]<\/p>\n<p>Die neuesten Postings:<\/p>\n<p>[\/et_pb_text][et_pb_blog fullwidth=&#8220;off&#8220; posts_number=&#8220;15&#8243; _builder_version=&#8220;3.12&#8243; header_level=&#8220;h4&#8243; header_font=&#8220;Muli|600|||||||&#8220; header_font_size=&#8220;18px&#8220; header_line_height=&#8220;1.4em&#8220; body_font=&#8220;Muli||||||||&#8220; body_font_size=&#8220;16px&#8220; body_line_height=&#8220;1.8em&#8220; meta_font=&#8220;Muli|600|||||||&#8220; meta_text_color=&#8220;rgba(0,0,0,0.3)&#8220; meta_font_size=&#8220;14px&#8220; pagination_font=&#8220;Muli|700|||||||&#8220; pagination_text_color=&#8220;#f4583f&#8220; border_radii=&#8220;|10px|10px|10px|10px&#8220;][\/et_pb_blog][\/et_pb_column][\/et_pb_row][\/et_pb_section]<\/p>\n","protected":false},"excerpt":{"rendered":"<p>SIPEL: Der Blog &nbsp; 1961 gegr\u00fcndet, sind wir heutzutage auf zwei Bereiche elektrotechnischer Produkte spezialisiert: Licht und Kabel. Als inhabergef\u00fchrtes und herstellerunabh\u00e4ngiges Fachhandelsunternehmen bieten wir unseren Kunden aus Handel, Handwerk und Industrie sowie professionellen Anwendern neben einem durchdachten Warensortiment qualitativ hochwertiger Produkte mit hoher Lieferbereitschaft auch ein umfangreiches Wissensspektrum an. Dieser Blog dient als Forum [&hellip;]<\/p>\n","protected":false},"author":1,"featured_media":0,"parent":0,"menu_order":0,"comment_status":"closed","ping_status":"closed","template":"","meta":{"_et_pb_use_builder":"on","_et_pb_old_content":"<p>[et_pb_section admin_label=\"section\"]<br \/>[et_pb_row admin_label=\"row\"]<br \/>[et_pb_column type=\"4_4\"]<br \/>[et_pb_text admin_label=\"Text\"]<\/p><p>[\/et_pb_text]<br \/>[\/et_pb_column]<br \/>[\/et_pb_row]<br \/>[\/et_pb_section]<\/p>","_et_gb_content_width":""},"yoast_head":"<!-- This site is optimized with the Yoast SEO plugin v19.4 - https:\/\/yoast.com\/wordpress\/plugins\/seo\/ -->\n<title>Neuheiten Nachrichten | Blog<\/title>\n<meta name=\"description\" content=\"Entdecken Sie die neuesten Trends und Entwicklungen in den Nachrichten unseres Blog\" \/>\n<meta name=\"robots\" content=\"index, follow, max-snippet:-1, max-image-preview:large, max-video-preview:-1\" \/>\n<link rel=\"canonical\" href=\"https:\/\/www.sipel.lu\/de\/blog\/\" \/>\n<meta property=\"og:locale\" content=\"de_DE\" \/>\n<meta property=\"og:type\" content=\"article\" \/>\n<meta property=\"og:title\" content=\"Neuheiten Nachrichten | Blog\" \/>\n<meta property=\"og:description\" content=\"Entdecken Sie die neuesten Trends und Entwicklungen in den Nachrichten unseres Blog\" \/>\n<meta property=\"og:url\" content=\"https:\/\/www.sipel.lu\/de\/blog\/\" \/>\n<meta property=\"og:site_name\" content=\"Sipel\" \/>\n<meta property=\"article:modified_time\" content=\"2021-02-24T15:13:38+00:00\" \/>\n<meta name=\"twitter:card\" content=\"summary_large_image\" \/>\n<meta name=\"twitter:label1\" content=\"Gesch\u00e4tzte Lesezeit\" \/>\n\t<meta name=\"twitter:data1\" content=\"2\u00a0Minuten\" \/>\n<script type=\"application\/ld+json\" class=\"yoast-schema-graph\">{\"@context\":\"https:\/\/schema.org\",\"@graph\":[{\"@type\":\"Organization\",\"@id\":\"https:\/\/www.sipel.lu\/de\/#organization\",\"name\":\"SIPEL\",\"url\":\"https:\/\/www.sipel.lu\/de\/\",\"sameAs\":[],\"logo\":{\"@type\":\"ImageObject\",\"inLanguage\":\"de\",\"@id\":\"https:\/\/www.sipel.lu\/de\/#\/schema\/logo\/image\/\",\"url\":\"https:\/\/www.sipel.lu\/wp-content\/uploads\/sites\/115\/2020\/08\/logoSIPEL.jpg\",\"contentUrl\":\"https:\/\/www.sipel.lu\/wp-content\/uploads\/sites\/115\/2020\/08\/logoSIPEL.jpg\",\"width\":750,\"height\":310,\"caption\":\"SIPEL\"},\"image\":{\"@id\":\"https:\/\/www.sipel.lu\/de\/#\/schema\/logo\/image\/\"}},{\"@type\":\"WebSite\",\"@id\":\"https:\/\/www.sipel.lu\/de\/#website\",\"url\":\"https:\/\/www.sipel.lu\/de\/\",\"name\":\"Sipel\",\"description\":\"Sipel \u00e9clairage et c\u00e2bles\",\"publisher\":{\"@id\":\"https:\/\/www.sipel.lu\/de\/#organization\"},\"potentialAction\":[{\"@type\":\"SearchAction\",\"target\":{\"@type\":\"EntryPoint\",\"urlTemplate\":\"https:\/\/www.sipel.lu\/de\/?s={search_term_string}\"},\"query-input\":\"required name=search_term_string\"}],\"inLanguage\":\"de\"},{\"@type\":\"WebPage\",\"@id\":\"https:\/\/www.sipel.lu\/de\/blog\/\",\"url\":\"https:\/\/www.sipel.lu\/de\/blog\/\",\"name\":\"Neuheiten Nachrichten | Blog\",\"isPartOf\":{\"@id\":\"https:\/\/www.sipel.lu\/de\/#website\"},\"datePublished\":\"2020-07-28T14:50:29+00:00\",\"dateModified\":\"2021-02-24T15:13:38+00:00\",\"description\":\"Entdecken Sie die neuesten Trends und Entwicklungen in den Nachrichten unseres Blog\",\"breadcrumb\":{\"@id\":\"https:\/\/www.sipel.lu\/de\/blog\/#breadcrumb\"},\"inLanguage\":\"de\",\"potentialAction\":[{\"@type\":\"ReadAction\",\"target\":[\"https:\/\/www.sipel.lu\/de\/blog\/\"]}]},{\"@type\":\"BreadcrumbList\",\"@id\":\"https:\/\/www.sipel.lu\/de\/blog\/#breadcrumb\",\"itemListElement\":[{\"@type\":\"ListItem\",\"position\":1,\"name\":\"Accueil\",\"item\":\"https:\/\/www.sipel.lu\/de\/\"},{\"@type\":\"ListItem\",\"position\":2,\"name\":\"Blog\"}]}]}<\/script>\n<!-- \/ Yoast SEO plugin. -->","yoast_head_json":{"title":"Neuheiten Nachrichten | Blog","description":"Entdecken Sie die neuesten Trends und Entwicklungen in den Nachrichten unseres Blog","robots":{"index":"index","follow":"follow","max-snippet":"max-snippet:-1","max-image-preview":"max-image-preview:large","max-video-preview":"max-video-preview:-1"},"canonical":"https:\/\/www.sipel.lu\/de\/blog\/","og_locale":"de_DE","og_type":"article","og_title":"Neuheiten Nachrichten | Blog","og_description":"Entdecken Sie die neuesten Trends und Entwicklungen in den Nachrichten unseres Blog","og_url":"https:\/\/www.sipel.lu\/de\/blog\/","og_site_name":"Sipel","article_modified_time":"2021-02-24T15:13:38+00:00","twitter_card":"summary_large_image","twitter_misc":{"Gesch\u00e4tzte Lesezeit":"2\u00a0Minuten"},"schema":{"@context":"https:\/\/schema.org","@graph":[{"@type":"Organization","@id":"https:\/\/www.sipel.lu\/de\/#organization","name":"SIPEL","url":"https:\/\/www.sipel.lu\/de\/","sameAs":[],"logo":{"@type":"ImageObject","inLanguage":"de","@id":"https:\/\/www.sipel.lu\/de\/#\/schema\/logo\/image\/","url":"https:\/\/www.sipel.lu\/wp-content\/uploads\/sites\/115\/2020\/08\/logoSIPEL.jpg","contentUrl":"https:\/\/www.sipel.lu\/wp-content\/uploads\/sites\/115\/2020\/08\/logoSIPEL.jpg","width":750,"height":310,"caption":"SIPEL"},"image":{"@id":"https:\/\/www.sipel.lu\/de\/#\/schema\/logo\/image\/"}},{"@type":"WebSite","@id":"https:\/\/www.sipel.lu\/de\/#website","url":"https:\/\/www.sipel.lu\/de\/","name":"Sipel","description":"Sipel \u00e9clairage et c\u00e2bles","publisher":{"@id":"https:\/\/www.sipel.lu\/de\/#organization"},"potentialAction":[{"@type":"SearchAction","target":{"@type":"EntryPoint","urlTemplate":"https:\/\/www.sipel.lu\/de\/?s={search_term_string}"},"query-input":"required name=search_term_string"}],"inLanguage":"de"},{"@type":"WebPage","@id":"https:\/\/www.sipel.lu\/de\/blog\/","url":"https:\/\/www.sipel.lu\/de\/blog\/","name":"Neuheiten Nachrichten | Blog","isPartOf":{"@id":"https:\/\/www.sipel.lu\/de\/#website"},"datePublished":"2020-07-28T14:50:29+00:00","dateModified":"2021-02-24T15:13:38+00:00","description":"Entdecken Sie die neuesten Trends und Entwicklungen in den Nachrichten unseres Blog","breadcrumb":{"@id":"https:\/\/www.sipel.lu\/de\/blog\/#breadcrumb"},"inLanguage":"de","potentialAction":[{"@type":"ReadAction","target":["https:\/\/www.sipel.lu\/de\/blog\/"]}]},{"@type":"BreadcrumbList","@id":"https:\/\/www.sipel.lu\/de\/blog\/#breadcrumb","itemListElement":[{"@type":"ListItem","position":1,"name":"Accueil","item":"https:\/\/www.sipel.lu\/de\/"},{"@type":"ListItem","position":2,"name":"Blog"}]}]}},"_links":{"self":[{"href":"https:\/\/www.sipel.lu\/de\/wp-json\/wp\/v2\/pages\/485"}],"collection":[{"href":"https:\/\/www.sipel.lu\/de\/wp-json\/wp\/v2\/pages"}],"about":[{"href":"https:\/\/www.sipel.lu\/de\/wp-json\/wp\/v2\/types\/page"}],"author":[{"embeddable":true,"href":"https:\/\/www.sipel.lu\/de\/wp-json\/wp\/v2\/users\/1"}],"replies":[{"embeddable":true,"href":"https:\/\/www.sipel.lu\/de\/wp-json\/wp\/v2\/comments?post=485"}],"version-history":[{"count":6,"href":"https:\/\/www.sipel.lu\/de\/wp-json\/wp\/v2\/pages\/485\/revisions"}],"predecessor-version":[{"id":1509,"href":"https:\/\/www.sipel.lu\/de\/wp-json\/wp\/v2\/pages\/485\/revisions\/1509"}],"wp:attachment":[{"href":"https:\/\/www.sipel.lu\/de\/wp-json\/wp\/v2\/media?parent=485"}],"curies":[{"name":"wp","href":"https:\/\/api.w.org\/{rel}","templated":true}]}}