{"id":482,"date":"2020-07-28T16:48:10","date_gmt":"2020-07-28T14:48:10","guid":{"rendered":"https:\/\/www.sipel.lu\/accueil\/"},"modified":"2021-02-24T16:19:24","modified_gmt":"2021-02-24T15:19:24","slug":"accueil","status":"publish","type":"page","link":"https:\/\/www.sipel.lu\/lu\/","title":{"rendered":"Accueil"},"content":{"rendered":"<p>[et_pb_section fb_built=&#8221;1&#8243; admin_label=&#8221;Header Section&#8221; _builder_version=&#8221;3.12&#8243; background_color=&#8221;#ededed&#8221; use_background_color_gradient=&#8221;on&#8221; background_color_gradient_start=&#8221;#ffffff&#8221; background_color_gradient_end=&#8221;rgba(255,255,255,0)&#8221; background_color_gradient_overlays_image=&#8221;on&#8221; background_position=&#8221;top_center&#8221; custom_padding=&#8221;0px||0px|&#8221; locked=&#8221;off&#8221;][et_pb_row use_custom_width=&#8221;on&#8221; width_unit=&#8221;off&#8221; custom_width_percent=&#8221;100%&#8221; use_custom_gutter=&#8221;on&#8221; custom_padding=&#8221;0px|0px|0px|0px&#8221; custom_margin=&#8221;|||&#8221; make_equal=&#8221;on&#8221; bg_img_2=&#8221;https:\/\/www.sipel.lu\/wp-content\/uploads\/sites\/115\/2020\/07\/sipel-luxembourg.jpg&#8221; padding_top_1=&#8221;18%&#8221; padding_bottom_1=&#8221;18%&#8221; padding_left_1=&#8221;10%&#8221; padding_1_tablet=&#8221;|10%||&#8221; padding_1_last_edited=&#8221;on|tablet&#8221; admin_label=&#8221;CTA Row&#8221; _builder_version=&#8221;3.12&#8243;][et_pb_column type=&#8221;1_2&#8243; _builder_version=&#8221;3.0.47&#8243; padding_tablet=&#8221;|10%||&#8221; padding_last_edited=&#8221;on|tablet&#8221; padding_bottom=&#8221;18%&#8221; padding_left=&#8221;10%&#8221; padding_top=&#8221;18%&#8221; parallax=&#8221;off&#8221; parallax_method=&#8221;on&#8221;][et_pb_cta title=&#8221;W\u00ebllkomm bei SIPEL S\u00e0rl&#8221; button_url=&#8221;https:\/\/www.sipel.lu\/lu\/societe\/&#8221; button_text=&#8221;Entdeckt eis Firma&#8221; admin_label=&#8221;Heading, Subheading &amp; CTA Button&#8221; _builder_version=&#8221;3.12&#8243; header_level=&#8221;h1&#8243; header_font=&#8221;Muli|700|||||||&#8221; header_text_align=&#8221;left&#8221; header_font_size=&#8221;65px&#8221; header_font_size_phone=&#8221;50px&#8221; header_font_size_last_edited=&#8221;on|phone&#8221; header_line_height=&#8221;1.4em&#8221; body_font=&#8221;Muli|600|||||||&#8221; body_text_align=&#8221;left&#8221; body_font_size=&#8221;18px&#8221; body_line_height=&#8221;1.8em&#8221; use_background_color=&#8221;off&#8221; custom_button=&#8221;on&#8221; button_text_size=&#8221;16px&#8221; button_text_color=&#8221;#ffffff&#8221; button_bg_color=&#8221;#f4583f&#8221; button_border_width=&#8221;10px&#8221; button_border_color=&#8221;#f4583f&#8221; button_border_radius=&#8221;50px&#8221; button_font=&#8221;Muli|700|||||||&#8221; button_use_icon=&#8221;off&#8221; button_border_radius_hover=&#8221;0px&#8221; background_layout=&#8221;light&#8221; max_width=&#8221;540px&#8221; module_alignment=&#8221;right&#8221; custom_margin=&#8221;|||&#8221; custom_margin_tablet=&#8221;3vw||3vw|&#8221; custom_margin_phone=&#8221;|||&#8221; custom_margin_last_edited=&#8221;on|desktop&#8221; animation_style=&#8221;fade&#8221; locked=&#8221;off&#8221;]<\/p>\n<p>D&#8217; Firma \u00a0as am Jo\u00ebr 1961 gegr\u00ebnnt ginn als\u00a0<span style=\"text-decoration: underline;\"><strong>S<\/strong><\/span>oci\u00e9t\u00e9 d&#8217;\u00a0<span style=\"text-decoration: underline;\"><strong>I<\/strong><\/span>mportation de <span style=\"text-decoration: underline;\"><strong>P<\/strong><\/span>roduits <span style=\"text-decoration: underline;\"><strong>E<\/strong><\/span>lectriques au <span style=\"text-decoration: underline;\"><strong>L<\/strong><\/span>uxembourg.<\/p>\n<p>Hautdesdaags\u00a0as si an zwee Ber\u00e4icher vu elektrotechnesch Produkter spezialis\u00e9iert.<\/p>\n<p>Beliichtung a Kabelen.<\/p>\n<p>[\/et_pb_cta][\/et_pb_column][et_pb_column type=&#8221;1_2&#8243; _builder_version=&#8221;3.0.47&#8243; bg_img=&#8221;https:\/\/www.sipel.lu\/wp-content\/uploads\/sites\/115\/2020\/07\/sipel-luxembourg.jpg&#8221; parallax=&#8221;off&#8221; parallax_method=&#8221;on&#8221;][et_pb_divider show_divider=&#8221;off&#8221; height=&#8221;300px&#8221; _builder_version=&#8221;3.12&#8243; use_background_color_gradient=&#8221;on&#8221; background_color_gradient_start=&#8221;#ffffff&#8221; background_color_gradient_end=&#8221;rgba(196,196,196,0)&#8221;]\u00a0[\/et_pb_divider][\/et_pb_column][\/et_pb_row][\/et_pb_section][et_pb_section fb_built=&#8221;1&#8243; admin_label=&#8221;CTA Section&#8221; _builder_version=&#8221;3.0.92&#8243; custom_padding=&#8221;100px||100px|&#8221;][et_pb_row use_custom_gutter=&#8221;on&#8221; custom_padding=&#8221;|||&#8221; custom_margin=&#8221;|||&#8221; admin_label=&#8221;CTA Row&#8221; _builder_version=&#8221;3.0.93&#8243;][et_pb_column type=&#8221;4_4&#8243; _builder_version=&#8221;3.0.47&#8243; parallax=&#8221;off&#8221; parallax_method=&#8221;on&#8221;][et_pb_text admin_label=&#8221;Title &amp; Paragraph&#8221; _builder_version=&#8221;3.12&#8243; text_font=&#8221;Muli|600|||||||&#8221; text_font_size=&#8221;18px&#8221; text_line_height=&#8221;1.8em&#8221; header_font=&#8221;||||||||&#8221; header_2_font=&#8221;Muli|700|||||||&#8221; header_2_font_size=&#8221;50px&#8221; header_2_font_size_phone=&#8221;40px&#8221; header_2_font_size_last_edited=&#8221;on|desktop&#8221; header_2_line_height=&#8221;1.4em&#8221; text_orientation=&#8221;center&#8221; max_width=&#8221;640px&#8221; max_width_last_edited=&#8221;off|desktop&#8221; module_alignment=&#8221;center&#8221; custom_margin=&#8221;|||&#8221; custom_margin_tablet=&#8221;0px|||0px&#8221; custom_margin_last_edited=&#8221;off|desktop&#8221; custom_padding=&#8221;|||&#8221; custom_padding_last_edited=&#8221;off|desktop&#8221; locked=&#8221;off&#8221;]<\/p>\n<h2 class=\"et_pb_module_header et-fb-editable-element et-fb-editable-element__editing\" data-shortcode-id=\"1.0.0.0-1515376821367\">Eis Servicer<\/h2>\n<p>Eise Betriib as vun den Proprit\u00e4ren selwer gefouert an g\u00ebllt als en hierstelleronofh\u00e4ngen Fachhandel.<\/p>\n<p>Als solchen bidde mir professionellen Uw\u00e4nder aus dem Commerce, Handwierk an der Industrie niewt engem gudd duerchduechten Wuerensortiment, qualitativ h\u00e9ichw\u00e4erteg Produi\u00ebn mat h\u00e9icher Liwerbereedschaft, och en grousst W\u00ebssensspektrum un.<\/p>\n<p>&nbsp;<\/p>\n<p>[\/et_pb_text][\/et_pb_column][\/et_pb_row][et_pb_row custom_padding=&#8221;60px|0px|0px|0px|false|false&#8221; _builder_version=&#8221;3.12&#8243; background_size=&#8221;initial&#8221; background_position=&#8221;top_left&#8221; background_repeat=&#8221;repeat&#8221;][et_pb_column type=&#8221;1_2&#8243; _builder_version=&#8221;3.0.47&#8243; parallax=&#8221;off&#8221; parallax_method=&#8221;on&#8221;][et_pb_blurb title=&#8221;Beliichtung&#8221; image=&#8221;https:\/\/www.sipel.lu\/wp-content\/uploads\/sites\/115\/2020\/09\/5Y2Q6zJg-1.png&#8221; image_max_width=&#8221;100px&#8221; admin_label=&#8221;Process&#8221; _builder_version=&#8221;3.12&#8243; header_font=&#8221;Muli|700|||||||&#8221; header_text_align=&#8221;center&#8221; header_font_size=&#8221;20px&#8221; header_line_height=&#8221;1.4em&#8221; body_font=&#8221;Muli|600|||||||&#8221; body_text_align=&#8221;center&#8221; body_font_size=&#8221;16px&#8221; body_line_height=&#8221;1.8em&#8221; border_color_all_image=&#8221;#f4583f&#8221; header_level=&#8221;h3&#8243;]<\/p>\n<p><strong>W\u00ebssen bed\u00e9it fir eis, Fro\u00ebn ze stellen.<br \/>\n<\/strong><\/p>\n<p>Mir fannen fir \u00e4er Beliichtung eng L\u00e9isung an sichen n\u00ebt n\u00ebmmen no engem Produit.<\/p>\n<p>Um Wee dohin stellen mir eisem Klient als \u00e9ischt e puer Fro\u00ebn:<br \/>\nNom gew\u00ebnschten Gebrauch, der architektonescher Integratioun, den ergonomeschen an \u00e4stheteschen Ufuerderungen; doraus erschaffe mer dann \u00ebnnert der Wertung vun \u00f6konomeschen, \u00f6kologeschen an s\u00ebcherheetstechneschen Kriteri\u00ebn en Destillat:<\/p>\n<p><strong>en intelligent Liichtkonzept.<\/strong><\/p>\n<p>[\/et_pb_blurb][\/et_pb_column][et_pb_column type=&#8221;1_2&#8243; _builder_version=&#8221;3.0.47&#8243; parallax=&#8221;off&#8221; parallax_method=&#8221;on&#8221;][et_pb_blurb title=&#8221;Kabelen&#8221; image=&#8221;https:\/\/www.sipel.lu\/wp-content\/uploads\/sites\/115\/2020\/09\/oscLkyPg-1.png&#8221; image_max_width=&#8221;100px&#8221; admin_label=&#8221;Process&#8221; _builder_version=&#8221;3.12&#8243; header_font=&#8221;Muli|700|||||||&#8221; header_text_align=&#8221;center&#8221; header_font_size=&#8221;20px&#8221; header_line_height=&#8221;1.4em&#8221; body_font=&#8221;Muli|600|||||||&#8221; body_text_align=&#8221;center&#8221; body_font_size=&#8221;16px&#8221; body_line_height=&#8221;1.8em&#8221; border_color_all_image=&#8221;#f4583f&#8221; header_level=&#8221;h3&#8243;]<strong>W\u00ebssen bed\u00e9it fir eis, eng \u00c4ntwert ze sin.<\/strong><\/p>\n<p>Entspriechend eisen Kenntnisser vun den Produktparameter an der akuteller Entw\u00e9cklung um March\u00e9, as eist Lager optimal sort\u00e9iert an h\u00e4lt eng grouss Auswiel vun Kabelen an Accessoiren bereed.<\/p>\n<p>Als besonneschen Service bidden mir eisem Klient un, en spezifescht op hien ausgeluechtend Wuerensortiment unzele\u00ebn:<\/p>\n<p><strong>\u00c4ert virtuellt Lager.<\/strong>[\/et_pb_blurb][\/et_pb_column][\/et_pb_row][\/et_pb_section][et_pb_section fb_built=&#8221;1&#8243; admin_label=&#8221;Blog Section&#8221; _builder_version=&#8221;3.0.92&#8243; background_position=&#8221;top_center&#8221; custom_padding=&#8221;100px|0px|50px|0px|false|false&#8221;][et_pb_row admin_label=&#8221;Title Row&#8221; _builder_version=&#8221;3.0.92&#8243;][et_pb_column type=&#8221;4_4&#8243; _builder_version=&#8221;3.0.47&#8243; parallax=&#8221;off&#8221; parallax_method=&#8221;on&#8221;][et_pb_text admin_label=&#8221;Title &amp; Paragraph&#8221; _builder_version=&#8221;3.12&#8243; text_font=&#8221;Muli|600|||||||&#8221; text_font_size=&#8221;18px&#8221; text_line_height=&#8221;1.8em&#8221; header_font=&#8221;||||||||&#8221; header_2_font=&#8221;Muli|700|||||||&#8221; header_2_font_size=&#8221;50px&#8221; header_2_font_size_phone=&#8221;40px&#8221; header_2_font_size_last_edited=&#8221;on|desktop&#8221; header_2_line_height=&#8221;1.4em&#8221; text_orientation=&#8221;center&#8221; max_width=&#8221;640px&#8221; max_width_last_edited=&#8221;off|desktop&#8221; module_alignment=&#8221;center&#8221; custom_margin=&#8221;||32px|&#8221; custom_margin_tablet=&#8221;0px|||0px&#8221; custom_margin_last_edited=&#8221;off|desktop&#8221; custom_padding=&#8221;|||&#8221; custom_padding_last_edited=&#8221;off|desktop&#8221;]<\/p>\n<h2>SIPEL: De Blog<\/h2>\n<p>Dir fannt Neiegkeeten an eisem Blog:<\/p>\n<p>[\/et_pb_text][\/et_pb_column][\/et_pb_row][et_pb_row admin_label=&#8221;Blog Posts Row&#8221; _builder_version=&#8221;3.0.93&#8243;][et_pb_column type=&#8221;4_4&#8243; _builder_version=&#8221;3.0.47&#8243; parallax=&#8221;off&#8221; parallax_method=&#8221;on&#8221;][et_pb_blog fullwidth=&#8221;off&#8221; posts_number=&#8221;3&#8243; show_pagination=&#8221;off&#8221; _builder_version=&#8221;3.12&#8243; header_level=&#8221;h4&#8243; header_font=&#8221;Muli|600|||||||&#8221; header_font_size=&#8221;18px&#8221; header_line_height=&#8221;1.4em&#8221; body_font=&#8221;Muli||||||||&#8221; body_font_size=&#8221;16px&#8221; body_line_height=&#8221;1.8em&#8221; meta_font=&#8221;Muli|600|||||||&#8221; meta_text_color=&#8221;rgba(0,0,0,0.3)&#8221; meta_font_size=&#8221;14px&#8221; border_radii=&#8221;on|8px|8px|8px|8px&#8221; border_color_all=&#8221;#c9c9c9&#8243; custom_margin=&#8221;|||&#8221; custom_padding=&#8221;|||&#8221;]\u00a0[\/et_pb_blog][et_pb_button button_url=&#8221;https:\/\/www.sipel.lu\/lu\/blog\/&#8221; button_text=&#8221;All eis Postings:&#8221; button_alignment=&#8221;center&#8221; _builder_version=&#8221;3.12&#8243; custom_button=&#8221;on&#8221; button_text_size=&#8221;16px&#8221; button_text_color=&#8221;#ffffff&#8221; button_bg_color=&#8221;#f4583f&#8221; button_border_width=&#8221;10px&#8221; button_border_color=&#8221;#f4583f&#8221; button_border_radius=&#8221;50px&#8221; button_font=&#8221;Muli|700|||||||&#8221; button_use_icon=&#8221;off&#8221; button_border_radius_hover=&#8221;0px&#8221; custom_margin=&#8221;|||&#8221; custom_margin_tablet=&#8221;30px|||0px&#8221; custom_margin_last_edited=&#8221;on|phone&#8221; custom_padding=&#8221;|||&#8221; locked=&#8221;off&#8221;]\u00a0[\/et_pb_button][\/et_pb_column][\/et_pb_row][\/et_pb_section][et_pb_section fb_built=&#8221;1&#8243; admin_label=&#8221;Subscription Section&#8221; _builder_version=&#8221;3.12&#8243; background_image=&#8221;https:\/\/www.sipel.lu\/wp-content\/uploads\/sites\/115\/2020\/08\/photo-fb-sipel.jpg&#8221; background_position=&#8221;center_left&#8221; custom_padding=&#8221;5.6%|0px|9.6%|0px|false|false&#8221;][et_pb_row use_custom_width=&#8221;on&#8221; width_unit=&#8221;off&#8221; custom_width_percent=&#8221;40%&#8221; custom_padding=&#8221;|||&#8221; custom_margin=&#8221;|||98px&#8221; admin_label=&#8221;Subscription Row&#8221; _builder_version=&#8221;3.12&#8243; module_alignment=&#8221;left&#8221;][et_pb_column type=&#8221;4_4&#8243; _builder_version=&#8221;3.0.47&#8243; parallax=&#8221;off&#8221; parallax_method=&#8221;on&#8221;][et_pb_text admin_label=&#8221;Title &amp; Paragraph&#8221; _builder_version=&#8221;3.12&#8243; text_font=&#8221;Muli|600|||||||&#8221; text_font_size=&#8221;18px&#8221; text_line_height=&#8221;1.8em&#8221; header_font=&#8221;||||||||&#8221; header_2_font=&#8221;Muli|700|||||||&#8221; header_2_font_size=&#8221;50px&#8221; header_2_font_size_phone=&#8221;40px&#8221; header_2_font_size_last_edited=&#8221;on|desktop&#8221; header_2_line_height=&#8221;1.4em&#8221; text_orientation=&#8221;center&#8221; max_width=&#8221;640px&#8221; max_width_last_edited=&#8221;off|desktop&#8221; module_alignment=&#8221;center&#8221; custom_margin=&#8221;|||&#8221; custom_margin_tablet=&#8221;0px|||0px&#8221; custom_margin_last_edited=&#8221;off|desktop&#8221; custom_padding=&#8221;|||&#8221; custom_padding_last_edited=&#8221;off|desktop&#8221; locked=&#8221;off&#8221;]<\/p>\n<h2 class=\"et_pb_module_header et-fb-editable-element et-fb-editable-element__editing\" style=\"text-align: left;\" data-shortcode-id=\"1.0.0.0-1515376821367\"><span style=\"color: #ffffff;\">Loosst eis iwwer \u00c4re Projet schw\u00e4tzen<\/span><\/h2>\n<p style=\"text-align: left;\"><span style=\"color: #ffffff;\">D&#8217;SIPEL Team freet sech op \u00c4r Froen, <\/span><span style=\"color: #ffffff;\">W\u00ebnsch an Iddien.\u00a0<\/span><\/p>\n<p>[\/et_pb_text][et_pb_button button_url=&#8221;https:\/\/www.sipel.lu\/lu\/societe\/contact&#8221; button_text=&#8221;Z\u00e9ckt net eis ze kontakt\u00e9ieren&#8221; button_alignment=&#8221;center&#8221; _builder_version=&#8221;3.12&#8243; custom_button=&#8221;on&#8221; button_text_size=&#8221;16px&#8221; button_text_color=&#8221;#ffffff&#8221; button_bg_color=&#8221;#f4583f&#8221; button_border_width=&#8221;10px&#8221; button_border_color=&#8221;#f4583f&#8221; button_border_radius=&#8221;50px&#8221; button_font=&#8221;Muli|700|||||||&#8221; button_use_icon=&#8221;off&#8221; button_border_radius_hover=&#8221;0px&#8221; custom_margin=&#8221;50px|||&#8221; custom_margin_tablet=&#8221;30px|||0px&#8221; custom_margin_last_edited=&#8221;on|phone&#8221; custom_padding=&#8221;|||&#8221; locked=&#8221;off&#8221;]\u00a0[\/et_pb_button][et_pb_text admin_label=&#8221;Tip&#8221; _builder_version=&#8221;3.12&#8243; text_font=&#8221;Muli|600|||||||&#8221; text_text_color=&#8221;#f4583f&#8221; header_font=&#8221;Muli|700|||||||&#8221; header_text_color=&#8221;#1a1a1a&#8221; header_font_size=&#8221;65px&#8221; header_line_height=&#8221;1.4em&#8221; header_2_font=&#8221;Muli|700|||||||&#8221; header_2_text_color=&#8221;#1a1a1a&#8221; header_2_font_size=&#8221;50px&#8221; header_2_line_height=&#8221;1.4em&#8221; text_orientation=&#8221;right&#8221; max_width=&#8221;640px&#8221; max_width_last_edited=&#8221;off|desktop&#8221; module_alignment=&#8221;center&#8221; custom_margin=&#8221;|||&#8221; custom_margin_tablet=&#8221;0px|||0px&#8221; custom_margin_last_edited=&#8221;off|desktop&#8221; custom_padding=&#8221;|||&#8221; custom_padding_last_edited=&#8221;off|desktop&#8221;][\/et_pb_text][\/et_pb_column][\/et_pb_row][\/et_pb_section]<\/p>\n","protected":false},"excerpt":{"rendered":"<p>W\u00ebllkomm bei SIPEL S\u00e0rlD&#8217; Firma \u00a0as am Jo\u00ebr 1961 gegr\u00ebnnt ginn als\u00a0Soci\u00e9t\u00e9 d&#8217;\u00a0Importation de Produits Electriques au Luxembourg. Hautdesdaags\u00a0as si an zwee Ber\u00e4icher vu elektrotechnesch Produkter spezialis\u00e9iert. Beliichtung a Kabelen. Entdeckt eis Firma Eis Servicer Eise Betriib as vun den Proprit\u00e4ren selwer gefouert an g\u00ebllt als en hierstelleronofh\u00e4ngen Fachhandel. Als solchen bidde mir professionellen Uw\u00e4nder [&hellip;]<\/p>\n","protected":false},"author":1,"featured_media":0,"parent":0,"menu_order":0,"comment_status":"closed","ping_status":"closed","template":"","meta":{"_et_pb_use_builder":"on","_et_pb_old_content":"","_et_gb_content_width":""},"yoast_head":"<!-- This site is optimized with the Yoast SEO plugin v19.4 - https:\/\/yoast.com\/wordpress\/plugins\/seo\/ -->\n<title>Importatioun vu elektrotechnesch Pordukter | Kabelen Luuten a Beliichtung<\/title>\n<meta name=\"description\" content=\"SIPEL ass eng Firma d\u00e9i spezialis\u00e9iert ass op den Import vun elektrotechnesche Produkter\" \/>\n<meta name=\"robots\" content=\"index, follow, max-snippet:-1, max-image-preview:large, max-video-preview:-1\" \/>\n<link rel=\"canonical\" href=\"https:\/\/www.sipel.lu\/lu\/\" \/>\n<meta property=\"og:locale\" content=\"en_US\" \/>\n<meta property=\"og:type\" content=\"article\" \/>\n<meta property=\"og:title\" content=\"Importatioun vu elektrotechnesch Pordukter | Kabelen Luuten a Beliichtung\" \/>\n<meta property=\"og:description\" content=\"SIPEL ass eng Firma d\u00e9i spezialis\u00e9iert ass op den Import vun elektrotechnesche Produkter\" \/>\n<meta property=\"og:url\" content=\"https:\/\/www.sipel.lu\/lu\/\" \/>\n<meta property=\"og:site_name\" content=\"Sipel\" \/>\n<meta property=\"article:modified_time\" content=\"2021-02-24T15:19:24+00:00\" \/>\n<meta name=\"twitter:card\" content=\"summary_large_image\" \/>\n<meta name=\"twitter:label1\" content=\"Est. reading time\" \/>\n\t<meta name=\"twitter:data1\" content=\"8 minutes\" \/>\n<script type=\"application\/ld+json\" class=\"yoast-schema-graph\">{\"@context\":\"https:\/\/schema.org\",\"@graph\":[{\"@type\":\"Organization\",\"@id\":\"https:\/\/www.sipel.lu\/lu\/#organization\",\"name\":\"SIPEL\",\"url\":\"https:\/\/www.sipel.lu\/lu\/\",\"sameAs\":[],\"logo\":{\"@type\":\"ImageObject\",\"inLanguage\":\"lu-LU\",\"@id\":\"https:\/\/www.sipel.lu\/lu\/#\/schema\/logo\/image\/\",\"url\":\"https:\/\/www.sipel.lu\/wp-content\/uploads\/sites\/115\/2020\/08\/logoSIPEL.jpg\",\"contentUrl\":\"https:\/\/www.sipel.lu\/wp-content\/uploads\/sites\/115\/2020\/08\/logoSIPEL.jpg\",\"width\":750,\"height\":310,\"caption\":\"SIPEL\"},\"image\":{\"@id\":\"https:\/\/www.sipel.lu\/lu\/#\/schema\/logo\/image\/\"}},{\"@type\":\"WebSite\",\"@id\":\"https:\/\/www.sipel.lu\/lu\/#website\",\"url\":\"https:\/\/www.sipel.lu\/lu\/\",\"name\":\"Sipel\",\"description\":\"Sipel \u00e9clairage et c\u00e2bles\",\"publisher\":{\"@id\":\"https:\/\/www.sipel.lu\/lu\/#organization\"},\"potentialAction\":[{\"@type\":\"SearchAction\",\"target\":{\"@type\":\"EntryPoint\",\"urlTemplate\":\"https:\/\/www.sipel.lu\/lu\/?s={search_term_string}\"},\"query-input\":\"required name=search_term_string\"}],\"inLanguage\":\"lu-LU\"},{\"@type\":\"WebPage\",\"@id\":\"https:\/\/www.sipel.lu\/lu\/\",\"url\":\"https:\/\/www.sipel.lu\/lu\/\",\"name\":\"Importatioun vu elektrotechnesch Pordukter | Kabelen Luuten a Beliichtung\",\"isPartOf\":{\"@id\":\"https:\/\/www.sipel.lu\/lu\/#website\"},\"datePublished\":\"2020-07-28T14:48:10+00:00\",\"dateModified\":\"2021-02-24T15:19:24+00:00\",\"description\":\"SIPEL ass eng Firma d\u00e9i spezialis\u00e9iert ass op den Import vun elektrotechnesche Produkter\",\"breadcrumb\":{\"@id\":\"https:\/\/www.sipel.lu\/lu\/#breadcrumb\"},\"inLanguage\":\"lu-LU\",\"potentialAction\":[{\"@type\":\"ReadAction\",\"target\":[\"https:\/\/www.sipel.lu\/lu\/\"]}]},{\"@type\":\"BreadcrumbList\",\"@id\":\"https:\/\/www.sipel.lu\/lu\/#breadcrumb\",\"itemListElement\":[{\"@type\":\"ListItem\",\"position\":1,\"name\":\"Accueil\",\"item\":\"https:\/\/www.sipel.lu\/lu\/\"},{\"@type\":\"ListItem\",\"position\":2,\"name\":\"Accueil\"}]}]}<\/script>\n<!-- \/ Yoast SEO plugin. -->","yoast_head_json":{"title":"Importatioun vu elektrotechnesch Pordukter | Kabelen Luuten a Beliichtung","description":"SIPEL ass eng Firma d\u00e9i spezialis\u00e9iert ass op den Import vun elektrotechnesche Produkter","robots":{"index":"index","follow":"follow","max-snippet":"max-snippet:-1","max-image-preview":"max-image-preview:large","max-video-preview":"max-video-preview:-1"},"canonical":"https:\/\/www.sipel.lu\/lu\/","og_locale":"en_US","og_type":"article","og_title":"Importatioun vu elektrotechnesch Pordukter | Kabelen Luuten a Beliichtung","og_description":"SIPEL ass eng Firma d\u00e9i spezialis\u00e9iert ass op den Import vun elektrotechnesche Produkter","og_url":"https:\/\/www.sipel.lu\/lu\/","og_site_name":"Sipel","article_modified_time":"2021-02-24T15:19:24+00:00","twitter_card":"summary_large_image","twitter_misc":{"Est. reading time":"8 minutes"},"schema":{"@context":"https:\/\/schema.org","@graph":[{"@type":"Organization","@id":"https:\/\/www.sipel.lu\/lu\/#organization","name":"SIPEL","url":"https:\/\/www.sipel.lu\/lu\/","sameAs":[],"logo":{"@type":"ImageObject","inLanguage":"lu-LU","@id":"https:\/\/www.sipel.lu\/lu\/#\/schema\/logo\/image\/","url":"https:\/\/www.sipel.lu\/wp-content\/uploads\/sites\/115\/2020\/08\/logoSIPEL.jpg","contentUrl":"https:\/\/www.sipel.lu\/wp-content\/uploads\/sites\/115\/2020\/08\/logoSIPEL.jpg","width":750,"height":310,"caption":"SIPEL"},"image":{"@id":"https:\/\/www.sipel.lu\/lu\/#\/schema\/logo\/image\/"}},{"@type":"WebSite","@id":"https:\/\/www.sipel.lu\/lu\/#website","url":"https:\/\/www.sipel.lu\/lu\/","name":"Sipel","description":"Sipel \u00e9clairage et c\u00e2bles","publisher":{"@id":"https:\/\/www.sipel.lu\/lu\/#organization"},"potentialAction":[{"@type":"SearchAction","target":{"@type":"EntryPoint","urlTemplate":"https:\/\/www.sipel.lu\/lu\/?s={search_term_string}"},"query-input":"required name=search_term_string"}],"inLanguage":"lu-LU"},{"@type":"WebPage","@id":"https:\/\/www.sipel.lu\/lu\/","url":"https:\/\/www.sipel.lu\/lu\/","name":"Importatioun vu elektrotechnesch Pordukter | Kabelen Luuten a Beliichtung","isPartOf":{"@id":"https:\/\/www.sipel.lu\/lu\/#website"},"datePublished":"2020-07-28T14:48:10+00:00","dateModified":"2021-02-24T15:19:24+00:00","description":"SIPEL ass eng Firma d\u00e9i spezialis\u00e9iert ass op den Import vun elektrotechnesche Produkter","breadcrumb":{"@id":"https:\/\/www.sipel.lu\/lu\/#breadcrumb"},"inLanguage":"lu-LU","potentialAction":[{"@type":"ReadAction","target":["https:\/\/www.sipel.lu\/lu\/"]}]},{"@type":"BreadcrumbList","@id":"https:\/\/www.sipel.lu\/lu\/#breadcrumb","itemListElement":[{"@type":"ListItem","position":1,"name":"Accueil","item":"https:\/\/www.sipel.lu\/lu\/"},{"@type":"ListItem","position":2,"name":"Accueil"}]}]}},"_links":{"self":[{"href":"https:\/\/www.sipel.lu\/lu\/wp-json\/wp\/v2\/pages\/482"}],"collection":[{"href":"https:\/\/www.sipel.lu\/lu\/wp-json\/wp\/v2\/pages"}],"about":[{"href":"https:\/\/www.sipel.lu\/lu\/wp-json\/wp\/v2\/types\/page"}],"author":[{"embeddable":true,"href":"https:\/\/www.sipel.lu\/lu\/wp-json\/wp\/v2\/users\/1"}],"replies":[{"embeddable":true,"href":"https:\/\/www.sipel.lu\/lu\/wp-json\/wp\/v2\/comments?post=482"}],"version-history":[{"count":15,"href":"https:\/\/www.sipel.lu\/lu\/wp-json\/wp\/v2\/pages\/482\/revisions"}],"predecessor-version":[{"id":1513,"href":"https:\/\/www.sipel.lu\/lu\/wp-json\/wp\/v2\/pages\/482\/revisions\/1513"}],"wp:attachment":[{"href":"https:\/\/www.sipel.lu\/lu\/wp-json\/wp\/v2\/media?parent=482"}],"curies":[{"name":"wp","href":"https:\/\/api.w.org\/{rel}","templated":true}]}}