{"id":486,"date":"2020-07-28T16:50:29","date_gmt":"2020-07-28T14:50:29","guid":{"rendered":"https:\/\/www.sipel.lu\/blog\/"},"modified":"2025-03-25T12:58:37","modified_gmt":"2025-03-25T11:58:37","slug":"blog","status":"publish","type":"page","link":"https:\/\/www.sipel.lu\/lu\/blog\/","title":{"rendered":"Blog"},"content":{"rendered":"<p>[et_pb_section fb_built=&#8221;1&#8243; admin_label=&#8221;Header Section&#8221; _builder_version=&#8221;3.22&#8243; use_background_color_gradient=&#8221;on&#8221; background_color_gradient_start=&#8221;#000000&#8243; background_color_gradient_end=&#8221;rgba(0,0,0,0)&#8221; background_color_gradient_type=&#8221;radial&#8221; background_color_gradient_end_position=&#8221;64%&#8221; background_color_gradient_overlays_image=&#8221;on&#8221; background_image=&#8221;https:\/\/www.sipel.lu\/wp-content\/uploads\/sites\/115\/2020\/08\/Interio-lumineux-sipel.jpg&#8221; custom_padding=&#8221;5%|0px|14.4%|0px|false|false&#8221;][et_pb_row admin_label=&#8221;Title Row&#8221; _builder_version=&#8221;3.25&#8243;][et_pb_column type=&#8221;4_4&#8243; _builder_version=&#8221;3.25&#8243; custom_padding=&#8221;|||&#8221; custom_padding__hover=&#8221;|||&#8221;][et_pb_text admin_label=&#8221;Title &#038; Paragraph&#8221; _builder_version=&#8221;4.9.10&#8243; text_font=&#8221;Muli|600|||||||&#8221; text_text_color=&#8221;#ffffff&#8221; text_font_size=&#8221;18px&#8221; text_line_height=&#8221;1.8em&#8221; header_font=&#8221;Muli|700|||||||&#8221; header_font_size=&#8221;65px&#8221; header_line_height=&#8221;1.4em&#8221; header_2_font=&#8221;||||||||&#8221; text_orientation=&#8221;center&#8221; background_layout=&#8221;dark&#8221; max_width=&#8221;640px&#8221; max_width_last_edited=&#8221;off|desktop&#8221; module_alignment=&#8221;center&#8221; custom_margin=&#8221;|||&#8221; custom_margin_tablet=&#8221;0px|||0px&#8221; custom_margin_last_edited=&#8221;off|desktop&#8221; custom_padding=&#8221;|||&#8221; custom_padding_last_edited=&#8221;off|desktop&#8221; animation_style=&#8221;fade&#8221; header_font_size_tablet=&#8221;&#8221; header_font_size_phone=&#8221;50px&#8221; header_font_size_last_edited=&#8221;on|phone&#8221;]<\/p>\n<h1>SIPEL: De Blog<\/h1>\n<p>&nbsp;<\/p>\n<p><span style=\"font-size: 18px;\">Gegr\u00ebnnt am Joer 1961, si mir haut sezialis\u00e9iert an zwee Ber\u00e4icher vun elektrotechnesch Produkter:<\/span><\/p>\n<p>Liicht a Kabel.<\/p>\n<p>Als Bes\u00ebtzer-verwalteten a hierstelleronofh\u00e4ngeg Fachhandelfirma bidde mir eise professionelle Clienten aus Handel, Handwierk an Industrie eng breet Palette u W\u00ebssen nieft enger duerchduechte Palette vu qualitativ h\u00e9ichw\u00e4ertege Produkter mat engem h\u00e9ijen Niveau un Disponibilit\u00e9it.<\/p>\n<p>D\u00ebse Blog d\u00e9ngt als Forum fir d\u00e9i lescht technesch Entw\u00e9cklungen an Trends.<\/p>\n<p>[\/et_pb_text][\/et_pb_column][\/et_pb_row][\/et_pb_section][et_pb_section fb_built=&#8221;1&#8243; admin_label=&#8221;Blog Section&#8221; _builder_version=&#8221;3.22&#8243; background_position=&#8221;top_center&#8221; custom_padding=&#8221;0|0px|0|0px|false|false&#8221;][et_pb_row admin_label=&#8221;Blog Posts Row&#8221; _builder_version=&#8221;3.25&#8243; custom_padding=&#8221;70px|0px|27px|0px|false|false&#8221;][et_pb_column type=&#8221;4_4&#8243; _builder_version=&#8221;3.25&#8243; custom_padding=&#8221;|||&#8221; custom_padding__hover=&#8221;|||&#8221;][et_pb_text _builder_version=&#8221;3.27.4&#8243; text_font=&#8221;|600|||||||&#8221; text_font_size=&#8221;32px&#8221; text_orientation=&#8221;center&#8221;]D\u00e9i rezent Postings:[\/et_pb_text][et_pb_blog fullwidth=&#8221;off&#8221; posts_number=&#8221;15&#8243; _builder_version=&#8221;3.12&#8243; header_level=&#8221;h4&#8243; header_font=&#8221;Muli|600|||||||&#8221; header_font_size=&#8221;18px&#8221; header_line_height=&#8221;1.4em&#8221; body_font=&#8221;Muli||||||||&#8221; body_font_size=&#8221;16px&#8221; body_line_height=&#8221;1.8em&#8221; meta_font=&#8221;Muli|600|||||||&#8221; meta_text_color=&#8221;rgba(0,0,0,0.3)&#8221; meta_font_size=&#8221;14px&#8221; pagination_font=&#8221;Muli|700|||||||&#8221; pagination_text_color=&#8221;#f4583f&#8221; border_radii=&#8221;|10px|10px|10px|10px&#8221;][\/et_pb_blog][\/et_pb_column][\/et_pb_row][\/et_pb_section]<\/p>\n","protected":false},"excerpt":{"rendered":"<p>SIPEL: De Blog &nbsp; Gegr\u00ebnnt am Joer 1961, si mir haut sezialis\u00e9iert an zwee Ber\u00e4icher vun elektrotechnesch Produkter: Liicht a Kabel. Als Bes\u00ebtzer-verwalteten a hierstelleronofh\u00e4ngeg Fachhandelfirma bidde mir eise professionelle Clienten aus Handel, Handwierk an Industrie eng breet Palette u W\u00ebssen nieft enger duerchduechte Palette vu qualitativ h\u00e9ichw\u00e4ertege Produkter mat engem h\u00e9ijen Niveau un Disponibilit\u00e9it. [&hellip;]<\/p>\n","protected":false},"author":1,"featured_media":0,"parent":0,"menu_order":0,"comment_status":"closed","ping_status":"closed","template":"","meta":{"_et_pb_use_builder":"on","_et_pb_old_content":"<p>[et_pb_section admin_label=\"section\"]<br \/>[et_pb_row admin_label=\"row\"]<br \/>[et_pb_column type=\"4_4\"]<br \/>[et_pb_text admin_label=\"Text\"]<\/p><p>[\/et_pb_text]<br \/>[\/et_pb_column]<br \/>[\/et_pb_row]<br \/>[\/et_pb_section]<\/p>","_et_gb_content_width":""},"yoast_head":"<!-- This site is optimized with the Yoast SEO plugin v19.4 - https:\/\/yoast.com\/wordpress\/plugins\/seo\/ -->\n<title>Noriichten Neiheter | Blog<\/title>\n<meta name=\"description\" content=\"Entdeckt d\u00e9i lescht Trends an Entw\u00e9cklungen an den Neiegkeeten op eisem Blog\" \/>\n<meta name=\"robots\" content=\"index, follow, max-snippet:-1, max-image-preview:large, max-video-preview:-1\" \/>\n<link rel=\"canonical\" href=\"https:\/\/www.sipel.lu\/lu\/blog\/\" \/>\n<meta property=\"og:locale\" content=\"en_US\" \/>\n<meta property=\"og:type\" content=\"article\" \/>\n<meta property=\"og:title\" content=\"Noriichten Neiheter | Blog\" \/>\n<meta property=\"og:description\" content=\"Entdeckt d\u00e9i lescht Trends an Entw\u00e9cklungen an den Neiegkeeten op eisem Blog\" \/>\n<meta property=\"og:url\" content=\"https:\/\/www.sipel.lu\/lu\/blog\/\" \/>\n<meta property=\"og:site_name\" content=\"Sipel\" \/>\n<meta property=\"article:modified_time\" content=\"2025-03-25T11:58:37+00:00\" \/>\n<meta name=\"twitter:card\" content=\"summary_large_image\" \/>\n<meta name=\"twitter:label1\" content=\"Est. reading time\" \/>\n\t<meta name=\"twitter:data1\" content=\"2 minutes\" \/>\n<script type=\"application\/ld+json\" class=\"yoast-schema-graph\">{\"@context\":\"https:\/\/schema.org\",\"@graph\":[{\"@type\":\"Organization\",\"@id\":\"https:\/\/www.sipel.lu\/lu\/#organization\",\"name\":\"SIPEL\",\"url\":\"https:\/\/www.sipel.lu\/lu\/\",\"sameAs\":[],\"logo\":{\"@type\":\"ImageObject\",\"inLanguage\":\"lu-LU\",\"@id\":\"https:\/\/www.sipel.lu\/lu\/#\/schema\/logo\/image\/\",\"url\":\"https:\/\/www.sipel.lu\/wp-content\/uploads\/sites\/115\/2020\/08\/logoSIPEL.jpg\",\"contentUrl\":\"https:\/\/www.sipel.lu\/wp-content\/uploads\/sites\/115\/2020\/08\/logoSIPEL.jpg\",\"width\":750,\"height\":310,\"caption\":\"SIPEL\"},\"image\":{\"@id\":\"https:\/\/www.sipel.lu\/lu\/#\/schema\/logo\/image\/\"}},{\"@type\":\"WebSite\",\"@id\":\"https:\/\/www.sipel.lu\/lu\/#website\",\"url\":\"https:\/\/www.sipel.lu\/lu\/\",\"name\":\"Sipel\",\"description\":\"Sipel \u00e9clairage et c\u00e2bles\",\"publisher\":{\"@id\":\"https:\/\/www.sipel.lu\/lu\/#organization\"},\"potentialAction\":[{\"@type\":\"SearchAction\",\"target\":{\"@type\":\"EntryPoint\",\"urlTemplate\":\"https:\/\/www.sipel.lu\/lu\/?s={search_term_string}\"},\"query-input\":\"required name=search_term_string\"}],\"inLanguage\":\"lu-LU\"},{\"@type\":\"WebPage\",\"@id\":\"https:\/\/www.sipel.lu\/lu\/blog\/\",\"url\":\"https:\/\/www.sipel.lu\/lu\/blog\/\",\"name\":\"Noriichten Neiheter | Blog\",\"isPartOf\":{\"@id\":\"https:\/\/www.sipel.lu\/lu\/#website\"},\"datePublished\":\"2020-07-28T14:50:29+00:00\",\"dateModified\":\"2025-03-25T11:58:37+00:00\",\"description\":\"Entdeckt d\u00e9i lescht Trends an Entw\u00e9cklungen an den Neiegkeeten op eisem Blog\",\"breadcrumb\":{\"@id\":\"https:\/\/www.sipel.lu\/lu\/blog\/#breadcrumb\"},\"inLanguage\":\"lu-LU\",\"potentialAction\":[{\"@type\":\"ReadAction\",\"target\":[\"https:\/\/www.sipel.lu\/lu\/blog\/\"]}]},{\"@type\":\"BreadcrumbList\",\"@id\":\"https:\/\/www.sipel.lu\/lu\/blog\/#breadcrumb\",\"itemListElement\":[{\"@type\":\"ListItem\",\"position\":1,\"name\":\"Accueil\",\"item\":\"https:\/\/www.sipel.lu\/lu\/\"},{\"@type\":\"ListItem\",\"position\":2,\"name\":\"Blog\"}]}]}<\/script>\n<!-- \/ Yoast SEO plugin. -->","yoast_head_json":{"title":"Noriichten Neiheter | Blog","description":"Entdeckt d\u00e9i lescht Trends an Entw\u00e9cklungen an den Neiegkeeten op eisem Blog","robots":{"index":"index","follow":"follow","max-snippet":"max-snippet:-1","max-image-preview":"max-image-preview:large","max-video-preview":"max-video-preview:-1"},"canonical":"https:\/\/www.sipel.lu\/lu\/blog\/","og_locale":"en_US","og_type":"article","og_title":"Noriichten Neiheter | Blog","og_description":"Entdeckt d\u00e9i lescht Trends an Entw\u00e9cklungen an den Neiegkeeten op eisem Blog","og_url":"https:\/\/www.sipel.lu\/lu\/blog\/","og_site_name":"Sipel","article_modified_time":"2025-03-25T11:58:37+00:00","twitter_card":"summary_large_image","twitter_misc":{"Est. reading time":"2 minutes"},"schema":{"@context":"https:\/\/schema.org","@graph":[{"@type":"Organization","@id":"https:\/\/www.sipel.lu\/lu\/#organization","name":"SIPEL","url":"https:\/\/www.sipel.lu\/lu\/","sameAs":[],"logo":{"@type":"ImageObject","inLanguage":"lu-LU","@id":"https:\/\/www.sipel.lu\/lu\/#\/schema\/logo\/image\/","url":"https:\/\/www.sipel.lu\/wp-content\/uploads\/sites\/115\/2020\/08\/logoSIPEL.jpg","contentUrl":"https:\/\/www.sipel.lu\/wp-content\/uploads\/sites\/115\/2020\/08\/logoSIPEL.jpg","width":750,"height":310,"caption":"SIPEL"},"image":{"@id":"https:\/\/www.sipel.lu\/lu\/#\/schema\/logo\/image\/"}},{"@type":"WebSite","@id":"https:\/\/www.sipel.lu\/lu\/#website","url":"https:\/\/www.sipel.lu\/lu\/","name":"Sipel","description":"Sipel \u00e9clairage et c\u00e2bles","publisher":{"@id":"https:\/\/www.sipel.lu\/lu\/#organization"},"potentialAction":[{"@type":"SearchAction","target":{"@type":"EntryPoint","urlTemplate":"https:\/\/www.sipel.lu\/lu\/?s={search_term_string}"},"query-input":"required name=search_term_string"}],"inLanguage":"lu-LU"},{"@type":"WebPage","@id":"https:\/\/www.sipel.lu\/lu\/blog\/","url":"https:\/\/www.sipel.lu\/lu\/blog\/","name":"Noriichten Neiheter | Blog","isPartOf":{"@id":"https:\/\/www.sipel.lu\/lu\/#website"},"datePublished":"2020-07-28T14:50:29+00:00","dateModified":"2025-03-25T11:58:37+00:00","description":"Entdeckt d\u00e9i lescht Trends an Entw\u00e9cklungen an den Neiegkeeten op eisem Blog","breadcrumb":{"@id":"https:\/\/www.sipel.lu\/lu\/blog\/#breadcrumb"},"inLanguage":"lu-LU","potentialAction":[{"@type":"ReadAction","target":["https:\/\/www.sipel.lu\/lu\/blog\/"]}]},{"@type":"BreadcrumbList","@id":"https:\/\/www.sipel.lu\/lu\/blog\/#breadcrumb","itemListElement":[{"@type":"ListItem","position":1,"name":"Accueil","item":"https:\/\/www.sipel.lu\/lu\/"},{"@type":"ListItem","position":2,"name":"Blog"}]}]}},"_links":{"self":[{"href":"https:\/\/www.sipel.lu\/lu\/wp-json\/wp\/v2\/pages\/486"}],"collection":[{"href":"https:\/\/www.sipel.lu\/lu\/wp-json\/wp\/v2\/pages"}],"about":[{"href":"https:\/\/www.sipel.lu\/lu\/wp-json\/wp\/v2\/types\/page"}],"author":[{"embeddable":true,"href":"https:\/\/www.sipel.lu\/lu\/wp-json\/wp\/v2\/users\/1"}],"replies":[{"embeddable":true,"href":"https:\/\/www.sipel.lu\/lu\/wp-json\/wp\/v2\/comments?post=486"}],"version-history":[{"count":6,"href":"https:\/\/www.sipel.lu\/lu\/wp-json\/wp\/v2\/pages\/486\/revisions"}],"predecessor-version":[{"id":3450,"href":"https:\/\/www.sipel.lu\/lu\/wp-json\/wp\/v2\/pages\/486\/revisions\/3450"}],"wp:attachment":[{"href":"https:\/\/www.sipel.lu\/lu\/wp-json\/wp\/v2\/media?parent=486"}],"curies":[{"name":"wp","href":"https:\/\/api.w.org\/{rel}","templated":true}]}}